{"id":4911,"date":"2022-11-23T07:16:17","date_gmt":"2022-11-23T07:16:17","guid":{"rendered":"https:\/\/hcikingston.com\/descarregar-o-jogo-aviator\/"},"modified":"2025-07-16T15:07:26","modified_gmt":"2025-07-16T15:07:26","slug":"download-aviator","status":"publish","type":"page","link":"https:\/\/avit.testfun.online\/pt\/download-aviator\/","title":{"rendered":"Descarregar o jogo Aviator"},"content":{"rendered":"\r\n            <div class='contains-btn js-containsBtn mobile text-center'> Tabela de conte\u00fado  <i class='far fa-arrow-alt-circle-up'><\/i><\/div>\r\n            <div id='contains' class='flex-wrap js-contains'>\r\n            <ul>\r\n        <li><a href=\"#Jogar-por-dinheiro\">Jogar por dinheiro<\/a><\/li><li><a href=\"#Apk-sem-risco\">Apk sem risco<\/a><\/li><li><a href=\"#Vers\u00f5es-do-iOS\">Vers\u00f5es do iOS<\/a><\/li><li><a href=\"#Aplicativo-para-Android\">Aplicativo para Android<\/a><\/li><li><a href=\"#Download-do-Windows\">Download do Windows<\/a><\/li><li><a href=\"#Vers\u00e3o-de-demonstra\u00e7\u00e3o-gratuita\">Vers\u00e3o de demonstra\u00e7\u00e3o gratuita<\/a><\/li><li><a href=\"#Baixar-o-Hack\">Baixar o Hack<\/a><\/li><li><a href=\"#FAQ\">FAQ<\/a><\/li><\/ul>              \r\n            <\/div>            \r\n            <div class='containsMore text-center desktop'>\r\n                <i class='far fa-arrow-alt-circle-up js-containsMore up'><\/i>\r\n            <\/div>  \n\n\n\n<p>O Aviator \u00e9 um jogo de apostas muito apreciado que permite aos jogadores ganhar pr\u00e9mios em dinheiro significativos num per\u00edodo de tempo muito curto. O criador da aplica\u00e7\u00e3o de aviador online criou-a de forma a poder ser instalada em v\u00e1rias plataformas, incluindo Android, iPhone, Windows e Mac OS. Pode obter uma c\u00f3pia gratuita do jogo descarregando-a a partir do s\u00edtio Web oficial do fornecedor ou do s\u00edtio Web de um casino online.<\/p>\n\n\n\r\n    <section class=\"container \">\r\n        <div class=\"row\">\r\n            \r\n            <div class=\"col-lg-12\">\r\n                <div class=\"topCasino text-center\">\r\n                    <div class=\"topCasino-content\">\r\n        <div class=\"topCasino-row d-flex flex-wrap  \">\r\n                        <div class=\"topCasino-logo d-flex justify-content-center align-items-center\">\r\n                            <span class=\"topCasino-number justify-content-center\"><\/span>\r\n                            <a class=\"d-inline-flex align-items-center\" href=\"https:\/\/avit.testfun.online\/pt\/recommends\/1win-casino-br\/\" rel=\"nofollow\" target=\"_black\">\r\n                                <img decoding=\"async\" src=\"https:\/\/avit.testfun.online\/pt\/wp-content\/uploads\/sites\/2\/2022\/11\/1win-logo-150x150-1.webp\" alt=\"1Win Casino logo\" width=\"76\" height=\"76\">\r\n                            <\/a>\r\n                        <\/div>                        \r\n                        <div>\r\n                            <a class=\"d-inline-flex align-items-center\" href=\"https:\/\/avit.testfun.online\/pt\/casino\/1win\/\" rel=\"nofollow\" target=\"_black\">\r\n                                <span class=\"topCasino-name\" >1Win Casino<\/span>\r\n                            <\/a>\r\n                        <\/div>\r\n                        <div class=\"topCasino-bonus\">\r\n                        500% at\u00e9 \u20ac 2.000\r\n                        <\/div>\r\n                            <div class=\"topCasino-rating d-flex justify-content-center\"><div class=\"topCasino-rating-container d-flex justify-content-center\">\r\n                                    <p class=\"stars js-stars d-flex align-items-start justify-content-center\" data-stars=\"4\"><\/p>4.0\r\n                                <\/div> <\/div><div class=\"flex-column topCasino-btns\">\r\n                            <a href=\"https:\/\/avit.testfun.online\/pt\/recommends\/1win-casino-br\/\" rel=\"nofollow\" target=\"_black\" class=\"btn btn-js\">\r\n                                 Jogar\r\n                            <\/a>\r\n                        <\/div>\r\n                    <\/div><div class=\"topCasino-row d-flex flex-wrap  \">\r\n                        <div class=\"topCasino-logo d-flex justify-content-center align-items-center\">\r\n                            <span class=\"topCasino-number justify-content-center\"><\/span>\r\n                            <a class=\"d-inline-flex align-items-center\" href=\"https:\/\/avit.testfun.online\/pt\/recommends\/1xbet-casino-br\/\" rel=\"nofollow\" target=\"_black\">\r\n                                <img decoding=\"async\" src=\"https:\/\/avit.testfun.online\/pt\/wp-content\/uploads\/sites\/2\/2022\/11\/1xbet-logo-150x150-1.webp\" alt=\"1xBet Casino logo\" width=\"76\" height=\"76\">\r\n                            <\/a>\r\n                        <\/div>                        \r\n                        <div>\r\n                            <a class=\"d-inline-flex align-items-center\" href=\"https:\/\/avit.testfun.online\/pt\/casino\/1xbet\/\" rel=\"nofollow\" target=\"_black\">\r\n                                <span class=\"topCasino-name\" >1xBet Casino<\/span>\r\n                            <\/a>\r\n                        <\/div>\r\n                        <div class=\"topCasino-bonus\">\r\n                        At\u00e9 \u20ac 1500 e 150 rodadas gr\u00e1tis\r\n                        <\/div>\r\n                            <div class=\"topCasino-rating d-flex justify-content-center\"><div class=\"topCasino-rating-container d-flex justify-content-center\">\r\n                                    <p class=\"stars js-stars d-flex align-items-start justify-content-center\" data-stars=\"3\"><\/p>3.0\r\n                                <\/div> <\/div><div class=\"flex-column topCasino-btns\">\r\n                            <a href=\"https:\/\/avit.testfun.online\/pt\/recommends\/1xbet-casino-br\/\" rel=\"nofollow\" target=\"_black\" class=\"btn btn-js\">\r\n                                 Jogar\r\n                            <\/a>\r\n                        <\/div>\r\n                    <\/div> <\/div><\/div><\/div><\/div><\/section>\n\n\n\n<h2 data-anchor=\"Jogar-por-dinheiro\" id=\"Jogar-por-dinheiro\">Para jogar a dinheiro na \u00cdndia, descarregue o Aviator<\/h2>\n\n\n\n<p>Se, como jogador, quiser experimentar o <a href=\"https:\/\/avit.testfun.online\/pt\/\" target=\"_blank\" rel=\"noreferrer noopener\">jogo Aviator<\/a> pela primeira vez ou como jogador experiente a dinheiro real &#8211; encontre um estabelecimento de apostas online que lhe d\u00ea a oportunidade de jogar Aviator. O jogo j\u00e1 est\u00e1 instalado no seu dispositivo. N\u00e3o \u00e9 necess\u00e1rio descarregar qualquer software para jogar a dinheiro real num casino online. Por conseguinte, \u00e9 necess\u00e1ria uma liga\u00e7\u00e3o constante \u00e0 Internet para os jogos em linha.<\/p>\n\n\n\n<p>Efectue um dep\u00f3sito depois de se registar e comece a jogar. Quer jogar o jogo do aviador, mas n\u00e3o quer gastar dinheiro para j\u00e1.<\/p>\n\n\n<div class=\"wp-block-image\">\n<figure class=\"aligncenter size-full\"><img decoding=\"async\" width=\"800\" height=\"400\" src=\"https:\/\/avit.testfun.online\/pt\/wp-content\/uploads\/sites\/2\/2022\/12\/aviator-app.webp\" alt=\"Descarregar o Aviador\" class=\"wp-image-1689\" title=\"Descarregar o Aviador\" srcset=\"https:\/\/avit.testfun.online\/pt\/wp-content\/uploads\/sites\/2\/2022\/12\/aviator-app.webp 800w, https:\/\/avit.testfun.online\/pt\/wp-content\/uploads\/sites\/2\/2022\/12\/aviator-app-300x150.webp 300w, https:\/\/avit.testfun.online\/pt\/wp-content\/uploads\/sites\/2\/2022\/12\/aviator-app-768x384.webp 768w\" sizes=\"(max-width: 800px) 100vw, 800px\" \/><\/figure><\/div>\n\n\n<h3 class=\"wp-block-heading\"><strong>Descarregar Aviator Spribe Pin-Up<\/strong><\/h3>\n\n\n\n<p>Descarregue hoje gratuitamente a nova pin up aviator! Voa pelos c\u00e9us e desvia-te dos obst\u00e1culos enquanto recolhes moedas e power-ups. Com belos gr\u00e1ficos e uma jogabilidade emocionante, este \u00e9 um jogo que n\u00e3o vai querer perder. Descarregue agora e comece a sua aventura!<\/p>\n\n\n\n<h3 class=\"wp-block-heading\"><strong>Aviator e a aplica\u00e7\u00e3o Parimatch<\/strong><\/h3>\n\n\n\n<p>Se \u00e9s um grande f\u00e3 do Parimatch Aviator e j\u00e1 o utilizas h\u00e1 algum tempo, deves saber que o jogo Aviator est\u00e1 dispon\u00edvel na aplica\u00e7\u00e3o Parimatch. No jogo Aviator da Parimatch, os participantes apostam no resultado de um lan\u00e7amento de dados. As apostas podem ser efectuadas em qualquer um dos seis n\u00fameros, com as respectivas probabilidades apresentadas \u00e0 direita.<\/p>\n\n\n\n<h3 class=\"wp-block-heading\"><strong>Utilizar a aplica\u00e7\u00e3o Betway Casino para jogar o jogo Aviator<\/strong><\/h3>\n\n\n\n<p>Devido \u00e0 recente chegada do Aviator na Betway \u00cdndia, vamos explicar rapidamente o que tem estado a perder e tamb\u00e9m porque \u00e9 que jogar no Aviator \u00e9 agora mais simples do que nunca. Os jogadores da \u00cdndia mostraram muito interesse no jogo de apostas online conhecido como aviador na aplica\u00e7\u00e3o betway.<\/p>\n\n\n\n<h3 class=\"wp-block-heading\"><strong>Jogar na aplica\u00e7\u00e3o de casino 1Win com o Aviador<\/strong><\/h3>\n\n\n\n<p>\u00c9 bastante simples. Existem vers\u00f5es da aplica\u00e7\u00e3o do casino online <a href=\"https:\/\/avit.testfun.online\/pt\/casino\/1win\/\" target=\"_blank\" rel=\"noreferrer noopener\">1win aviator<\/a> apk download dispon\u00edveis tanto para o sistema operativo iOS, desenvolvido pela Apple, como para o sistema operativo Android, desenvolvido pela Google. Primeiro, ter\u00e1 de escolher um jogo entre as op\u00e7\u00f5es dispon\u00edveis, registar-se numa conta ou introduzir o seu nome de utilizador e palavra-passe antes de come\u00e7ar a jogar. A aplica\u00e7\u00e3o 1Win Casino pode ser descarregada para o seu dispositivo m\u00f3vel.<\/p>\n\n\n\r\n    <section class=\"container casino-card-custom casino-card-container \">\r\n        <div class=\"row\">\r\n            \r\n            <div class=\"col-lg-12\">\r\n                <div class=\"topCasino text-center\">\r\n                    <div class=\"topCasino-content\">\r\n         <\/div><\/div><\/div><\/div><\/section>\n\n\n\n<h3 class=\"wp-block-heading\"><strong>Instalar o jogo e a aplica\u00e7\u00e3o do Casino Mostbet<\/strong><\/h3>\n\n\n\n<p>O jogo clicker Aviator \u00e9 apenas um exemplo; existem muitos outros para experimentar. Usa toda a tua per\u00edcia em Mostbet para fazer voar o teu Aviador e acumula pontos suficientes para ele descolar antes do fim do evento.<\/p>\n\n\n\n<p>S\u00f3 h\u00e1 uma vida no <a href=\"https:\/\/avit.testfun.online\/pt\/casino\/mostbet\/\" target=\"_blank\" rel=\"noreferrer noopener\">jogo mostbet aviator<\/a> e, se perderes, perder\u00e1s todos os teus pontos, independentemente do tempo de voo do avi\u00e3o ou do n\u00famero de vezes que tentares descolar.<\/p>\n\n\n\n<p>Para manter o jogo desafiante, lan\u00e7amos regularmente novas vers\u00f5es da aplica\u00e7\u00e3o Aviator Mostbet e fazemos outras altera\u00e7\u00f5es ao equil\u00edbrio do jogo.<\/p>\n\n\n\r\n    <section class=\"container casino-card-custom casino-card-container \">\r\n        <div class=\"row\">\r\n            \r\n            <div class=\"col-lg-12\">\r\n                <div class=\"topCasino text-center\">\r\n                    <div class=\"topCasino-content\">\r\n         <\/div><\/div><\/div><\/div><\/section>\n\n\n\n<h3 class=\"wp-block-heading\"><strong>Aviador e a aplica\u00e7\u00e3o da Lottoland<\/strong><\/h3>\n\n\n\n<p>O que realmente distingue o Aviator \u00e9 a integra\u00e7\u00e3o da Lottoland. Isto significa que pode ganhar pr\u00e9mios reais apenas por jogar o jogo! H\u00e1 todo o tipo de concursos e at\u00e9 jackpots a dinheiro. Por isso, se procura alguma emo\u00e7\u00e3o extra na sua vida, n\u00e3o deixe de consultar a aplica\u00e7\u00e3o aviator lottoland, recentemente adicionada.<\/p>\n\n\n\n<h3 class=\"wp-block-heading\"><strong>O jogo Aviador da 1xbet App<\/strong><\/h3>\n\n\n\n<p>O aviador na 1xbet \u00e9 \u00f3ptimo para os principiantes no site. Dada a simplicidade da premissa do jogo e o potencial para pagamentos significativos, pensamos que todos deveriam experimentar. O <a href=\"https:\/\/avit.testfun.online\/pt\/casino\/1xbet\/\" target=\"_blank\" rel=\"noreferrer noopener\">jogo 1xbet Aviator<\/a> tem directrizes f\u00e1ceis de compreender: basta ir ao menu principal da aplica\u00e7\u00e3o e clicar no separador 1xbet Aviator.<\/p>\n\n\n\r\n    <section class=\"container casino-card-custom casino-card-container \">\r\n        <div class=\"row\">\r\n            \r\n            <div class=\"col-lg-12\">\r\n                <div class=\"topCasino text-center\">\r\n                    <div class=\"topCasino-content\">\r\n         <\/div><\/div><\/div><\/div><\/section>\n\n\n\n<h2 data-anchor=\"Apk-sem-risco\" id=\"Apk-sem-risco\">Descarregar o jogo Android Aviator apk sem risco<\/h2>\n\n\n\n<p>O pacote de aplica\u00e7\u00e3o Android (APK) para o jogo aviador apk \u00e9 facilmente descarreg\u00e1vel em qualquer smartphone Android. Alguns passos simples levam-no at\u00e9 l\u00e1.<\/p>\n\n\n<div class=\"wp-block-image\">\n<figure class=\"aligncenter size-full\"><img decoding=\"async\" src=\"https:\/\/avit.testfun.online\/pt\/wp-content\/uploads\/sites\/2\/2023\/04\/aviator-without-risk-br.webp\" alt=\"Descarregar o Aviador\" class=\"wp-image-4919\" title=\"Descarregar o Aviador\"\/><\/figure><\/div>\n\n\n<p><strong>Descarregar o documento APK<\/strong><\/p>\n\n\n\n<p>Tem de seleccionar o ficheiro que pretende da lista e come\u00e7ar a descarregar. Se o ficheiro pretendido n\u00e3o constar da lista, \u00e9 poss\u00edvel que n\u00e3o tenha acesso \u00e0 aplica\u00e7\u00e3o na sua regi\u00e3o. Neste caso, ter\u00e1 de utilizar um espelho.<\/p>\n\n\n\n<p><strong>\u00c9 permitida a instala\u00e7\u00e3o de programas de terceiros<\/strong><\/p>\n\n\n\n<p>Este procedimento s\u00f3 \u00e9 realizado quando se instala o ficheiro APK pela primeira vez, por isso, se j\u00e1 tiver instalado esse ficheiro anteriormente, n\u00e3o precisar\u00e1 dele.<\/p>\n\n\n\n<p><strong>Instalar um ficheiro descarregado<\/strong><\/p>\n\n\n\n<p>Normalmente, ap\u00f3s a transfer\u00eancia, o ficheiro est\u00e1 localizado na pasta &#8220;Transfer\u00eancias&#8221;. Se for o caso, abra-o, localize o ficheiro e clique em &#8220;Instalar&#8221;. Caso contr\u00e1rio, utilize um gestor de ficheiros para encontrar o ficheiro APK.<\/p>\n\n\n\n<p><strong>Lan\u00e7amento da aplica\u00e7\u00e3o Aviator<\/strong><\/p>\n\n\n\n<p>Prepare-se para a emo\u00e7\u00e3o de um verdadeiro voo, iniciando j\u00e1 o processo de prepara\u00e7\u00e3o!<\/p>\n\n\n\n<h2 data-anchor=\"Vers\u00f5es-do-iOS\" id=\"Vers\u00f5es-do-iOS\">Vers\u00f5es para iPhone e Mac do jogo para iOS Aviator<\/h2>\n\n\n\n<p>N\u00e3o \u00e9 necess\u00e1rio autorizar software de fontes desconhecidas para instalar o programa de descarregamento de jogos aviator para jogos online. Tudo o que tem de fazer \u00e9 ir \u00e0 App Store para o seu casino online preferido, clicar em &#8220;Transferir&#8221; e depois aguardar que a aplica\u00e7\u00e3o seja instalada.<\/p>\n\n\n\n<h2 data-anchor=\"Aplicativo-para-Android\" id=\"Aplicativo-para-Android\">A melhor aplica\u00e7\u00e3o de jogos de aviador do Android<\/h2>\n\n\n\n<p>N\u00e3o importa onde estejas ou que horas sejam, podes sempre descarregar a edi\u00e7\u00e3o de teste do jogo spribe aviator para Android e jogar a dinheiro. Para tal, basta fazer o seguinte:<\/p>\n\n\n\n<ul class=\"wp-block-list\">\n<li>visitar o s\u00edtio principal do fabricante do software, do BK ou do casino;<\/li>\n\n\n\n<li>consulte o bot\u00e3o Transferir em Software;<\/li>\n\n\n\n<li>aceita pacotes de fontes arbitr\u00e1rias para instala\u00e7\u00e3o;<\/li>\n\n\n\n<li>instalar o ficheiro APK depois de esperar que seja descarregado.<\/li>\n<\/ul>\n\n\n<div class=\"wp-block-image\">\n<figure class=\"aligncenter size-full\"><img decoding=\"async\" src=\"https:\/\/avit.testfun.online\/pt\/wp-content\/uploads\/sites\/2\/2022\/12\/android-app.webp\" alt=\"Jogo de Aviador para Android\" class=\"wp-image-4530\" title=\"Jogo de Aviador para Android\"\/><\/figure><\/div>\n\n\n<h2 data-anchor=\"Download-do-Windows\" id=\"Download-do-Windows\">Download do jogo Aviator para Windows<\/h2>\n\n\n\n<p>A aplica\u00e7\u00e3o Aviator pode ser descarregada t\u00e3o facilmente num computador como num dispositivo m\u00f3vel. A melhor aplica\u00e7\u00e3o de jogos de aviador pode ser descarregada para qualquer smartphone com um simples comando:<\/p>\n\n\n\n<ul class=\"wp-block-list\">\n<li>pode utilizar qualquer navegador Web;<\/li>\n\n\n\n<li>basta escrever &#8220;descarregar o jogo Aviator&#8221; no motor de busca;<\/li>\n\n\n\n<li>descarregar o jogo num site fi\u00e1vel.<\/li>\n<\/ul>\n\n\n\n<h2 data-anchor=\"Vers\u00e3o-de-demonstra\u00e7\u00e3o-gratuita\" id=\"Vers\u00e3o-de-demonstra\u00e7\u00e3o-gratuita\">Vers\u00e3o de demonstra\u00e7\u00e3o gratuita do Aviator<\/h2>\n\n\n\n<p>A aplica\u00e7\u00e3o Aviator pode ser descarregada gratuitamente ou para jogar a dinheiro. Qualquer uma das op\u00e7\u00f5es est\u00e1 aberta para si. Se este for o \u00faltimo caso, pode continuar a desfrutar dos jogos e outras comodidades do casino online sem criar uma conta. O jogador inicia a aplica\u00e7\u00e3o do jogo do dinheiro do aviador com uma personagem digital pr\u00e9-concebida. Pode brincar com as funcionalidades, fazer apostas de treino e experimentar m\u00e9todos de apostas alternativos na vers\u00e3o de demonstra\u00e7\u00e3o.<\/p>\n\n\n<div class=\"wp-block-image\">\n<figure class=\"aligncenter size-full\"><img decoding=\"async\" width=\"800\" height=\"400\" src=\"https:\/\/avit.testfun.online\/pt\/wp-content\/uploads\/sites\/2\/2022\/12\/demo-version.webp\" alt=\"Jogo Aviator Demonstra\u00e7\u00e3o gratuita\" class=\"wp-image-1687\" title=\"Jogo Aviator Demonstra\u00e7\u00e3o gratuita\" srcset=\"https:\/\/avit.testfun.online\/pt\/wp-content\/uploads\/sites\/2\/2022\/12\/demo-version.webp 800w, https:\/\/avit.testfun.online\/pt\/wp-content\/uploads\/sites\/2\/2022\/12\/demo-version-300x150.webp 300w, https:\/\/avit.testfun.online\/pt\/wp-content\/uploads\/sites\/2\/2022\/12\/demo-version-768x384.webp 768w\" sizes=\"(max-width: 800px) 100vw, 800px\" \/><\/figure><\/div>\n\n\n<h2 data-anchor=\"Baixar-o-Hack\" id=\"Baixar-o-Hack\">Como fa\u00e7o para baixar o Aviator Game Hack?<\/h2>\n\n\n\n<p>Muitos jogadores perguntam-se como <a href=\"https:\/\/avit.testfun.online\/pt\/how-to-hack-aviator\/\" target=\"_blank\" rel=\"noreferrer noopener\">hackear o jogo aviador online<\/a>? Todos os jogadores devem compreender que a utiliza\u00e7\u00e3o de aplica\u00e7\u00f5es modificadas ou de ferramentas de pirataria inform\u00e1tica \u00e9 prejudicial para o seu jogo e, pior ainda, uma amea\u00e7a \u00e0 sua seguran\u00e7a. Sem d\u00favida que estas coisas constituem uma amea\u00e7a para a aplica\u00e7\u00e3o atrav\u00e9s da qual vai jogar Aviator. Mas podemos garantir que as ferramentas de hackers n\u00e3o interferir\u00e3o com o seu jogo confort\u00e1vel e seguro, gra\u00e7as \u00e0 sofisticada tecnologia de protec\u00e7\u00e3o. Pode obter mais informa\u00e7\u00f5es sobre este assunto no nosso s\u00edtio Web, num artigo separado.<\/p>\n\n\n\n<h2 data-anchor=\"FAQ\" id=\"FAQ\">FAQ<\/h2>\n\n\n\r\n                <section class=\"container faq\"><div class=\"row flex-md-row flex-column-reverse\"><div class=\"col-12\" itemscope itemtype=\"https:\/\/schema.org\/FAQPage\">\r\n            \r\n                            <div itemscope itemprop=\"mainEntity\" itemtype=\"https:\/\/schema.org\/Question\" class=\"faq-item\"><h3 itemprop=\"name\" class=\"js-openAnswer\"><i class=\"fa fa-question-circle\"><\/i>Qual aplicativo de jogo m\u00f3vel do \"Aviator\" devo baixar?<\/h3><div class=\"js-answer faq-answer\" itemscope itemprop=\"acceptedAnswer\" itemtype=\"https:\/\/schema.org\/Answer\"><div itemprop=\"text\" class=\"text\">Cada participante pode decidir qual aplicativo usar\u00e1. No final, podemos apenas sugerir que voc\u00ea verifique a compatibilidade do seu sistema operacional e software. Al\u00e9m disso, antes de fazer o download, verifique a classifica\u00e7\u00e3o e as avalia\u00e7\u00f5es do aplicativo para obter a melhor op\u00e7\u00e3o.<\/div><\/div><\/div>\r\n                        \r\n                            <div itemscope itemprop=\"mainEntity\" itemtype=\"https:\/\/schema.org\/Question\" class=\"faq-item\"><h3 itemprop=\"name\" class=\"js-openAnswer\"><i class=\"fa fa-question-circle\"><\/i>Qual plataforma - um computador ou um aplicativo para smartphone - \u00e9 o local ideal para jogar o jogo Aviator?<\/h3><div class=\"js-answer faq-answer\" itemscope itemprop=\"acceptedAnswer\" itemtype=\"https:\/\/schema.org\/Answer\"><div itemprop=\"text\" class=\"text\">Em \u00faltima an\u00e1lise, isso \u00e9 determinado pelo papel que voc\u00ea deseja desempenhar. O aplicativo de jogos Aviator est\u00e1 dispon\u00edvel para download em dispositivos Android e iOS, caso voc\u00ea precise praticar um pouco antes de apostar dinheiro real.<\/div><\/div><\/div>\r\n                        \r\n                            <div itemscope itemprop=\"mainEntity\" itemtype=\"https:\/\/schema.org\/Question\" class=\"faq-item\"><h3 itemprop=\"name\" class=\"js-openAnswer\"><i class=\"fa fa-question-circle\"><\/i>Como posso escolher um aplicativo para o Aviator?<\/h3><div class=\"js-answer faq-answer\" itemscope itemprop=\"acceptedAnswer\" itemtype=\"https:\/\/schema.org\/Answer\"><div itemprop=\"text\" class=\"text\">N\u00e3o \u00e9 poss\u00edvel instalar o jogo. Voc\u00ea s\u00f3 poder\u00e1 jogar depois de instalar o aplicativo do cassino no qual o jogo est\u00e1 dispon\u00edvel.<\/div><\/div><\/div>\r\n                        \r\n                <\/div><\/div><\/section>\n","protected":false},"excerpt":{"rendered":"<p>O Aviator \u00e9 um jogo de apostas muito apreciado que permite aos jogadores ganhar pr\u00e9mios em dinheiro significativos num per\u00edodo &#8230;<\/p>\n","protected":false},"author":1,"featured_media":4519,"parent":0,"menu_order":0,"comment_status":"closed","ping_status":"closed","template":"","meta":{"_acf_changed":false,"inline_featured_image":false,"footnotes":""},"class_list":["post-4911","page","type-page","status-publish","has-post-thumbnail","hentry"],"acf":[],"yoast_head":"<!-- This site is optimized with the Yoast SEO plugin v25.5 - https:\/\/yoast.com\/wordpress\/plugins\/seo\/ -->\n<title>O Aviator Spribe pode ser descarregado em linha<\/title>\n<meta name=\"description\" content=\"Saiba como descarregar a aplica\u00e7\u00e3o m\u00f3vel Aviator para o seu dispositivo em qualquer sistema operativo: iOS, Android, Windows ou Mac. Experimente a vers\u00e3o de teste antes de passar para o jogo com dinheiro real!\" \/>\n<meta name=\"robots\" content=\"noindex, follow, max-snippet:-1, max-image-preview:large, max-video-preview:-1\" \/>\n<meta property=\"og:locale\" content=\"pt-BR\" \/>\n<meta property=\"og:type\" content=\"article\" \/>\n<meta property=\"og:title\" content=\"O Aviator Spribe pode ser descarregado em linha\" \/>\n<meta property=\"og:description\" content=\"Saiba como descarregar a aplica\u00e7\u00e3o m\u00f3vel Aviator para o seu dispositivo em qualquer sistema operativo: iOS, Android, Windows ou Mac. Experimente a vers\u00e3o de teste antes de passar para o jogo com dinheiro real!\" \/>\n<meta property=\"og:url\" content=\"https:\/\/avit.testfun.online\/pt\/download-aviator\/\" \/>\n<meta property=\"og:site_name\" content=\"Jogo Aviator\" \/>\n<meta property=\"article:modified_time\" content=\"2025-07-16T15:07:26+00:00\" \/>\n<meta name=\"twitter:card\" content=\"summary_large_image\" \/>\n<meta name=\"twitter:label1\" content=\"Tempo estimado de leitura\" \/>\n\t<meta name=\"twitter:data1\" content=\"8 minutos\" \/>\n<!-- \/ Yoast SEO plugin. -->","yoast_head_json":{"title":"O Aviator Spribe pode ser descarregado em linha","description":"Saiba como descarregar a aplica\u00e7\u00e3o m\u00f3vel Aviator para o seu dispositivo em qualquer sistema operativo: iOS, Android, Windows ou Mac. Experimente a vers\u00e3o de teste antes de passar para o jogo com dinheiro real!","robots":{"index":"noindex","follow":"follow","max-snippet":"max-snippet:-1","max-image-preview":"max-image-preview:large","max-video-preview":"max-video-preview:-1"},"og_locale":"pt-BR","og_type":"article","og_title":"O Aviator Spribe pode ser descarregado em linha","og_description":"Saiba como descarregar a aplica\u00e7\u00e3o m\u00f3vel Aviator para o seu dispositivo em qualquer sistema operativo: iOS, Android, Windows ou Mac. Experimente a vers\u00e3o de teste antes de passar para o jogo com dinheiro real!","og_url":"https:\/\/avit.testfun.online\/pt\/download-aviator\/","og_site_name":"Jogo Aviator","article_modified_time":"2025-07-16T15:07:26+00:00","twitter_card":"summary_large_image","twitter_misc":{"Tempo estimado de leitura":"8 minutos"},"schema":{"@context":"https:\/\/schema.org","@graph":[{"@type":"WebPage","@id":"https:\/\/avit.testfun.online\/pt\/download-aviator\/","url":"https:\/\/avit.testfun.online\/pt\/download-aviator\/","name":"O Aviator Spribe pode ser descarregado em linha","isPartOf":{"@id":"https:\/\/avit.testfun.online\/pt\/#website"},"primaryImageOfPage":{"@id":"https:\/\/avit.testfun.online\/pt\/download-aviator\/#primaryimage"},"image":{"@id":"https:\/\/avit.testfun.online\/pt\/download-aviator\/#primaryimage"},"thumbnailUrl":"","datePublished":"2022-11-23T07:16:17+00:00","dateModified":"2025-07-16T15:07:26+00:00","description":"Saiba como descarregar a aplica\u00e7\u00e3o m\u00f3vel Aviator para o seu dispositivo em qualquer sistema operativo: iOS, Android, Windows ou Mac. Experimente a vers\u00e3o de teste antes de passar para o jogo com dinheiro real!","inLanguage":"en-IN","potentialAction":[{"@type":"ReadAction","target":["https:\/\/avit.testfun.online\/pt\/download-aviator\/"]}]},{"@type":"ImageObject","inLanguage":"en-IN","@id":"https:\/\/avit.testfun.online\/pt\/download-aviator\/#primaryimage","url":"","contentUrl":""},{"@type":"WebSite","@id":"https:\/\/avit.testfun.online\/pt\/#website","url":"https:\/\/avit.testfun.online\/pt\/","name":"Jogo Aviator","description":"Website about casino game Aviator","potentialAction":[{"@type":"SearchAction","target":{"@type":"EntryPoint","urlTemplate":"https:\/\/avit.testfun.online\/pt\/?s={search_term_string}"},"query-input":{"@type":"PropertyValueSpecification","valueRequired":true,"valueName":"search_term_string"}}],"inLanguage":"en-IN"}]}},"_links":{"self":[{"href":"https:\/\/avit.testfun.online\/pt\/wp-json\/wp\/v2\/pages\/4911","targetHints":{"allow":["GET"]}}],"collection":[{"href":"https:\/\/avit.testfun.online\/pt\/wp-json\/wp\/v2\/pages"}],"about":[{"href":"https:\/\/avit.testfun.online\/pt\/wp-json\/wp\/v2\/types\/page"}],"author":[{"embeddable":true,"href":"https:\/\/avit.testfun.online\/pt\/wp-json\/wp\/v2\/users\/1"}],"replies":[{"embeddable":true,"href":"https:\/\/avit.testfun.online\/pt\/wp-json\/wp\/v2\/comments?post=4911"}],"version-history":[{"count":1,"href":"https:\/\/avit.testfun.online\/pt\/wp-json\/wp\/v2\/pages\/4911\/revisions"}],"predecessor-version":[{"id":8778,"href":"https:\/\/avit.testfun.online\/pt\/wp-json\/wp\/v2\/pages\/4911\/revisions\/8778"}],"wp:featuredmedia":[{"embeddable":true,"href":"https:\/\/avit.testfun.online\/pt\/wp-json\/"}],"wp:attachment":[{"href":"https:\/\/avit.testfun.online\/pt\/wp-json\/wp\/v2\/media?parent=4911"}],"curies":[{"name":"wp","href":"https:\/\/api.w.org\/{rel}","templated":true}]}}