{"id":4889,"date":"2023-03-13T11:29:26","date_gmt":"2023-03-13T11:29:26","guid":{"rendered":"https:\/\/hcikingston.com\/qual-e-a-exactidao-da-previsao-do-spribe-aviator\/"},"modified":"2025-07-16T15:08:54","modified_gmt":"2025-07-16T15:08:54","slug":"how-to-hack-aviator","status":"publish","type":"page","link":"https:\/\/avit.testfun.online\/pt\/how-to-hack-aviator\/","title":{"rendered":"Qual \u00e9 a exactid\u00e3o da previs\u00e3o do Spribe Aviator?"},"content":{"rendered":"\r\n            <div class='contains-btn js-containsBtn mobile text-center'> Tabela de conte\u00fado  <i class='far fa-arrow-alt-circle-up'><\/i><\/div>\r\n            <div id='contains' class='flex-wrap js-contains'>\r\n            <ul>\r\n        <li><a href=\"#Hackeie-o-jogo-Aviator\">Hackeie o jogo Aviator<\/a><\/li><li><a href=\"#Previs\u00e3o-e-indica\u00e7\u00f5es\">Previs\u00e3o e indica\u00e7\u00f5es<\/a><\/li><li><a href=\"#Hackear-o-jogo-Aviator-apk\">Hackear o jogo Aviator apk<\/a><\/li><li><a href=\"#FAQ\">FAQ<\/a><\/li><\/ul>              \r\n            <\/div>            \r\n            <div class='containsMore text-center desktop'>\r\n                <i class='far fa-arrow-alt-circle-up js-containsMore up'><\/i>\r\n            <\/div>  \n\n\n\n<p>As previs\u00f5es baseiam-se em v\u00e1rios factores, como o desempenho anterior, estat\u00edsticas e algoritmos matem\u00e1ticos. No entanto, \u00e9 importante notar que o desempenho passado n\u00e3o \u00e9 uma garantia de sucesso futuro e que podem sempre ocorrer eventos imprevis\u00edveis que podem afectar o resultado do jogo.<\/p>\n\n\n\n<p>Al\u00e9m disso, as ferramentas de previs\u00e3o do aviador spribe podem ter enviesamentos ou erros nos seus c\u00e1lculos, levando a previs\u00f5es inexactas. Por conseguinte, \u00e9 importante utilizar as previs\u00f5es como uma ferramenta \u00fatil, mas n\u00e3o confiar exclusivamente nelas para tomar decis\u00f5es. Em \u00faltima an\u00e1lise, a melhor maneira de aumentar as suas hip\u00f3teses de sucesso no <a href=\"https:\/\/avit.testfun.online\/pt\/\" target=\"_blank\" rel=\"noreferrer noopener\">jogo Aviador<\/a> \u00e9 praticar e melhorar as suas capacidades.<\/p>\n\n\n\r\n    <section class=\"container \">\r\n        <div class=\"row\">\r\n            \r\n            <div class=\"col-lg-12\">\r\n                <div class=\"topCasino text-center\">\r\n                    <div class=\"topCasino-content\">\r\n        <div class=\"topCasino-row d-flex flex-wrap  \">\r\n                        <div class=\"topCasino-logo d-flex justify-content-center align-items-center\">\r\n                            <span class=\"topCasino-number justify-content-center\"><\/span>\r\n                            <a class=\"d-inline-flex align-items-center\" href=\"https:\/\/avit.testfun.online\/pt\/recommends\/1win-casino-br\/\" rel=\"nofollow\" target=\"_black\">\r\n                                <img decoding=\"async\" src=\"https:\/\/avit.testfun.online\/pt\/wp-content\/uploads\/sites\/2\/2022\/11\/1win-logo-150x150-1.webp\" alt=\"1Win Casino logo\" width=\"76\" height=\"76\">\r\n                            <\/a>\r\n                        <\/div>                        \r\n                        <div>\r\n                            <a class=\"d-inline-flex align-items-center\" href=\"https:\/\/avit.testfun.online\/pt\/casino\/1win\/\" rel=\"nofollow\" target=\"_black\">\r\n                                <span class=\"topCasino-name\" >1Win Casino<\/span>\r\n                            <\/a>\r\n                        <\/div>\r\n                        <div class=\"topCasino-bonus\">\r\n                        500% at\u00e9 \u20ac 2.000\r\n                        <\/div>\r\n                            <div class=\"topCasino-rating d-flex justify-content-center\"><div class=\"topCasino-rating-container d-flex justify-content-center\">\r\n                                    <p class=\"stars js-stars d-flex align-items-start justify-content-center\" data-stars=\"4\"><\/p>4.0\r\n                                <\/div> <\/div><div class=\"flex-column topCasino-btns\">\r\n                            <a href=\"https:\/\/avit.testfun.online\/pt\/recommends\/1win-casino-br\/\" rel=\"nofollow\" target=\"_black\" class=\"btn btn-js\">\r\n                                 Jogar\r\n                            <\/a>\r\n                        <\/div>\r\n                    <\/div><div class=\"topCasino-row d-flex flex-wrap  \">\r\n                        <div class=\"topCasino-logo d-flex justify-content-center align-items-center\">\r\n                            <span class=\"topCasino-number justify-content-center\"><\/span>\r\n                            <a class=\"d-inline-flex align-items-center\" href=\"https:\/\/avit.testfun.online\/pt\/recommends\/1xbet-casino-br\/\" rel=\"nofollow\" target=\"_black\">\r\n                                <img decoding=\"async\" src=\"https:\/\/avit.testfun.online\/pt\/wp-content\/uploads\/sites\/2\/2022\/11\/1xbet-logo-150x150-1.webp\" alt=\"1xBet Casino logo\" width=\"76\" height=\"76\">\r\n                            <\/a>\r\n                        <\/div>                        \r\n                        <div>\r\n                            <a class=\"d-inline-flex align-items-center\" href=\"https:\/\/avit.testfun.online\/pt\/casino\/1xbet\/\" rel=\"nofollow\" target=\"_black\">\r\n                                <span class=\"topCasino-name\" >1xBet Casino<\/span>\r\n                            <\/a>\r\n                        <\/div>\r\n                        <div class=\"topCasino-bonus\">\r\n                        At\u00e9 \u20ac 1500 e 150 rodadas gr\u00e1tis\r\n                        <\/div>\r\n                            <div class=\"topCasino-rating d-flex justify-content-center\"><div class=\"topCasino-rating-container d-flex justify-content-center\">\r\n                                    <p class=\"stars js-stars d-flex align-items-start justify-content-center\" data-stars=\"3\"><\/p>3.0\r\n                                <\/div> <\/div><div class=\"flex-column topCasino-btns\">\r\n                            <a href=\"https:\/\/avit.testfun.online\/pt\/recommends\/1xbet-casino-br\/\" rel=\"nofollow\" target=\"_black\" class=\"btn btn-js\">\r\n                                 Jogar\r\n                            <\/a>\r\n                        <\/div>\r\n                    <\/div> <\/div><\/div><\/div><\/div><\/section>\n\n\n\n<h2 data-anchor=\"Hackeie-o-jogo-Aviator\" id=\"Hackeie-o-jogo-Aviator\">Consegues piratear o jogo Aviator?<\/h2>\n\n\n\n<p>A pirataria \u00e9 uma actividade ilegal e pouco \u00e9tica que viola os termos de servi\u00e7o do jogo e pode ter consequ\u00eancias graves, incluindo o bloqueio de contas e ac\u00e7\u00f5es judiciais.<\/p>\n\n\n<div class=\"wp-block-image\">\n<figure class=\"aligncenter size-full\"><img decoding=\"async\" width=\"800\" height=\"400\" src=\"https:\/\/avit.testfun.online\/pt\/wp-content\/uploads\/sites\/2\/2023\/03\/hack-aviator-game.webp\" alt=\"Hacking no jogo Aviador\" class=\"wp-image-2363\" title=\"Hacking no jogo Aviador\" srcset=\"https:\/\/avit.testfun.online\/pt\/wp-content\/uploads\/sites\/2\/2023\/03\/hack-aviator-game.webp 800w, https:\/\/avit.testfun.online\/pt\/wp-content\/uploads\/sites\/2\/2023\/03\/hack-aviator-game-300x150.webp 300w, https:\/\/avit.testfun.online\/pt\/wp-content\/uploads\/sites\/2\/2023\/03\/hack-aviator-game-768x384.webp 768w\" sizes=\"(max-width: 800px) 100vw, 800px\" \/><\/figure><\/div>\n\n\n<p>O respeito pelas regras n\u00e3o s\u00f3 garante a igualdade de condi\u00e7\u00f5es, como tamb\u00e9m melhora a experi\u00eancia de jogo em geral. Permite-lhe desafiar-se a si pr\u00f3prio, desenvolver novas compet\u00eancias e desfrutar do jogo ao m\u00e1ximo. A batota ou o hacking podem trazer ganhos a curto prazo, mas podem destruir a integridade do jogo e arruinar o divertimento de todos os participantes nos casinos:<\/p>\n\n\n\n<ul class=\"wp-block-list\">\n<li><a href=\"https:\/\/avit.testfun.online\/pt\/casino\/1win\/\" target=\"_blank\" rel=\"noreferrer noopener\">jogo do aviador 1win<\/a>;<\/li>\n\n\n\n<li><a href=\"https:\/\/avit.testfun.online\/pt\/casino\/1xbet\/\" target=\"_blank\" rel=\"noreferrer noopener\">jogo de aviador 1xbet<\/a>;<\/li>\n\n\n\n<li><a href=\"https:\/\/avit.testfun.online\/pt\/casino\/mostbet\/\" target=\"_blank\" rel=\"noreferrer noopener\">aviador mostbet<\/a>.<\/li>\n<\/ul>\n\n\n\n<p>Se est\u00e1s a tentar obter pontua\u00e7\u00f5es elevadas ou criar um algoritmo de jogo de aviador, existem muitas formas leg\u00edtimas de melhorar a tua jogabilidade. Pode ver v\u00eddeos de jogos, ler guias de estrat\u00e9gia, participar em f\u00f3runs e comunidades em linha e praticar regularmente para melhorar as suas capacidades. Lembre-se que n\u00e3o h\u00e1 atalhos para o sucesso e que o trabalho \u00e1rduo e a perseveran\u00e7a s\u00e3o as chaves para o sucesso a longo prazo em qualquer jogo ou actividade.<\/p>\n\n\n\n<h2 data-anchor=\"Previs\u00e3o-e-indica\u00e7\u00f5es\" id=\"Previs\u00e3o-e-indica\u00e7\u00f5es\">Porqu\u00ea a previs\u00e3o e as indica\u00e7\u00f5es do jogo Aviator?<\/h2>\n\n\n\n<p>As previs\u00f5es e indica\u00e7\u00f5es do jogo Aviator s\u00e3o ferramentas ou estrat\u00e9gias que os jogadores podem utilizar para melhorar as suas hip\u00f3teses de ganhar no jogo. O jogo baseia-se no acaso e pode ser dif\u00edcil prever o resultado de cada ronda. No entanto, analisando os padr\u00f5es do jogo e aplicando estrat\u00e9gias espec\u00edficas, os jogadores podem aumentar as suas hip\u00f3teses de ganhar.<\/p>\n\n\n\n<p>Uma das <a href=\"https:\/\/avit.testfun.online\/pt\/aviator-strategy\/\" target=\"_blank\" rel=\"noreferrer noopener\">estrat\u00e9gias mais comuns utilizadas no Aviator<\/a> consiste em seguir a traject\u00f3ria de voo do avi\u00e3o e prever a dura\u00e7\u00e3o de cada ronda com base nos movimentos anteriores do avi\u00e3o. Esta estrat\u00e9gia requer uma observa\u00e7\u00e3o e an\u00e1lise cuidadosas da traject\u00f3ria do avi\u00e3o, bem como uma compreens\u00e3o da mec\u00e2nica do jogo.<\/p>\n\n\n<div class=\"wp-block-image\">\n<figure class=\"aligncenter size-full\"><img decoding=\"async\" width=\"800\" height=\"400\" src=\"https:\/\/avit.testfun.online\/pt\/wp-content\/uploads\/sites\/2\/2023\/03\/prediction-aviator-game.webp\" alt=\"Previs\u00e3o do aviador Spribe\" class=\"wp-image-2365\" title=\"Previs\u00e3o do aviador Spribe\" srcset=\"https:\/\/avit.testfun.online\/pt\/wp-content\/uploads\/sites\/2\/2023\/03\/prediction-aviator-game.webp 800w, https:\/\/avit.testfun.online\/pt\/wp-content\/uploads\/sites\/2\/2023\/03\/prediction-aviator-game-300x150.webp 300w, https:\/\/avit.testfun.online\/pt\/wp-content\/uploads\/sites\/2\/2023\/03\/prediction-aviator-game-768x384.webp 768w\" sizes=\"(max-width: 800px) 100vw, 800px\" \/><\/figure><\/div>\n\n\n<p>Outra estrat\u00e9gia consiste em utilizar f\u00f3rmulas matem\u00e1ticas e algoritmos para calcular as probabilidades de ganhar com base em resultados anteriores. Esta estrat\u00e9gia requer um forte conhecimento de probabilidade e estat\u00edstica, bem como um conhecimento avan\u00e7ado da mec\u00e2nica do jogo. Al\u00e9m disso, muitos jogadores utilizam ferramentas externas e programas de software, como o aviator casino predictor, para prever o resultado de cada ronda.  <\/p>\n\n\n\n<h2 data-anchor=\"Hackear-o-jogo-Aviator-apk\" id=\"Hackear-o-jogo-Aviator-apk\">Hackear o jogo Aviador (apk)<\/h2>\n\n\n\n<p>O Aviator Hack Predictor \u00e9 uma aplica\u00e7\u00e3o que pretende prever a dura\u00e7\u00e3o do voo de um avi\u00e3o com uma probabilidade de 95%. No entanto, desaconselhamos o <a href=\"https:\/\/avit.testfun.online\/pt\/download-aviator\/\" target=\"_blank\" rel=\"noreferrer noopener\">download do jogo aviador<\/a> no seu dispositivo Android ou iOS, uma vez que muitos jogadores relatam perdas ao utilizar a aplica\u00e7\u00e3o de previs\u00e3o. As previs\u00f5es s\u00e3o frequentemente incorrectas e raramente correspondem \u00e0 realidade.<\/p>\n\n\n\n<p>Felizmente, existem v\u00e1rias estrat\u00e9gias leg\u00edtimas que voc\u00ea pode usar para ganhar o jogo Aviator sem recorrer a hacks de jogos de aviador, como o Pin Up Aviator Hack ou Mostbet Aviator Hack APKs. Analisando cada ronda e escolhendo a estrat\u00e9gia correcta, pode tornar-se um jogador experiente do Aviator sem qualquer assist\u00eancia externa.<\/p>\n\n\n\n<h3 class=\"wp-block-heading\">Mensagens do Jogo do Aviador no Telegram<\/h3>\n\n\n\n<p>O Telegram \u00e9 uma plataforma de mensagens popular que permite aos utilizadores trocar mensagens de texto, imagens, v\u00eddeos e muito mais. Existem muitos canais e grupos no Telegram dedicados ao jogo Aviador. Estes canais e grupos s\u00e3o \u00f3ptimos para trocar dicas, truques e estrat\u00e9gias, bem como para discutir o jogo com outros jogadores.<\/p>\n\n\n\n<h3 class=\"wp-block-heading\">Aviator a reproduzir streamers do YouTube<\/h3>\n\n\n\n<p>H\u00e1 muitos streamers do YouTube que jogam o jogo Aviator e partilham as suas experi\u00eancias de jogo com os espectadores. Estes streamers s\u00e3o um excelente recurso para quem procura melhorar as suas capacidades de jogo, aprender novas estrat\u00e9gias e ficar a par das \u00faltimas actualiza\u00e7\u00f5es e funcionalidades do jogo.<\/p>\n\n\n<div class=\"wp-block-image\">\n<figure class=\"aligncenter size-full\"><img decoding=\"async\" src=\"https:\/\/avit.testfun.online\/pt\/wp-content\/uploads\/sites\/2\/2023\/03\/YouTube-streamers-aviator-game.webp\" alt=\"Aviador com streamers do YouTube  \" class=\"wp-image-4579\"\/><\/figure><\/div>\n\n\n<p>Alguns streamers populares do Aviator no YouTube incluem:<\/p>\n\n\n\n<ul class=\"wp-block-list\">\n<li><strong>KruGames:<\/strong> O KruGames \u00e9 um canal de jogos popular que apresenta imagens de jogos e an\u00e1lises de v\u00e1rios jogos para telem\u00f3vel, incluindo o Aviator.<\/li>\n<\/ul>\n\n\n\n<ul class=\"wp-block-list\">\n<li><strong>Jogos para telem\u00f3vel:<\/strong> Este canal apresenta v\u00e1rios jogos para telem\u00f3vel, incluindo o Aviator, e fornece imagens de jogo e coment\u00e1rios aos seus espectadores.<\/li>\n<\/ul>\n\n\n\n<ul class=\"wp-block-list\">\n<li><strong>O Tubar\u00e3o<\/strong> dos Jogos: Este canal apresenta orienta\u00e7\u00f5es, dicas e truques para v\u00e1rios jogos para telem\u00f3vel, incluindo o Aviator.<\/li>\n<\/ul>\n\n\n\n<p>Assistir a estes streamers pode ajud\u00e1-lo a melhorar as suas capacidades e a desenvolver novas estrat\u00e9gias de jogo. Al\u00e9m disso, pode interagir com os streamers e outros espectadores na sec\u00e7\u00e3o de coment\u00e1rios e partilhar as suas pr\u00f3prias dicas e estrat\u00e9gias.<\/p>\n\n\n\n<h2 data-anchor=\"FAQ\" id=\"FAQ\">FAQ<\/h2>\n\n\n\r\n                <section class=\"container faq\"><div class=\"row flex-md-row flex-column-reverse\"><div class=\"col-12\" itemscope itemtype=\"https:\/\/schema.org\/FAQPage\">\r\n            \r\n                            <div itemscope itemprop=\"mainEntity\" itemtype=\"https:\/\/schema.org\/Question\" class=\"faq-item\"><h3 itemprop=\"name\" class=\"js-openAnswer\"><i class=\"fa fa-question-circle\"><\/i>Como hackear o jogo Aviator pela Internet?<\/h3><div class=\"js-answer faq-answer\" itemscope itemprop=\"acceptedAnswer\" itemtype=\"https:\/\/schema.org\/Answer\"><div itemprop=\"text\" class=\"text\">Embora o aplicativo Spribe's Aviator Hack pretenda hackear o jogo, o desenvolvedor garantiu a seguran\u00e7a m\u00e1xima do jogo, tornando-o imposs\u00edvel de ser hackeado.<\/div><\/div><\/div>\r\n                        \r\n                            <div itemscope itemprop=\"mainEntity\" itemtype=\"https:\/\/schema.org\/Question\" class=\"faq-item\"><h3 itemprop=\"name\" class=\"js-openAnswer\"><i class=\"fa fa-question-circle\"><\/i>Como antecipar os jogos de aviador?<\/h3><div class=\"js-answer faq-answer\" itemscope itemprop=\"acceptedAnswer\" itemtype=\"https:\/\/schema.org\/Answer\"><div itemprop=\"text\" class=\"text\">O Aviator Hack Predictor \u00e9 um aplicativo que prev\u00ea a dura\u00e7\u00e3o do voo da aeronave no jogo.<\/div><\/div><\/div>\r\n                        \r\n                            <div itemscope itemprop=\"mainEntity\" itemtype=\"https:\/\/schema.org\/Question\" class=\"faq-item\"><h3 itemprop=\"name\" class=\"js-openAnswer\"><i class=\"fa fa-question-circle\"><\/i>Como vencer o jogo Aviator?<\/h3><div class=\"js-answer faq-answer\" itemscope itemprop=\"acceptedAnswer\" itemtype=\"https:\/\/schema.org\/Answer\"><div itemprop=\"text\" class=\"text\">N\u00e3o h\u00e1 uma maneira definitiva de vencer o jogo Aviator, pois o objetivo do jogo \u00e9 marcar o maior n\u00famero poss\u00edvel de pontos navegando em uma aeronave atrav\u00e9s de v\u00e1rios obst\u00e1culos.<\/div><\/div><\/div>\r\n                        \r\n                <\/div><\/div><\/section>\n","protected":false},"excerpt":{"rendered":"<p>As previs\u00f5es baseiam-se em v\u00e1rios factores, como o desempenho anterior, estat\u00edsticas e algoritmos matem\u00e1ticos. No entanto, \u00e9 importante notar que &#8230;<\/p>\n","protected":false},"author":1,"featured_media":4525,"parent":0,"menu_order":0,"comment_status":"closed","ping_status":"closed","template":"","meta":{"_acf_changed":false,"inline_featured_image":false,"footnotes":""},"class_list":["post-4889","page","type-page","status-publish","has-post-thumbnail","hentry"],"acf":[],"yoast_head":"<!-- This site is optimized with the Yoast SEO plugin v25.5 - https:\/\/yoast.com\/wordpress\/plugins\/seo\/ -->\n<title>Aviator Hack: O Spribe Phishing \u00e9 um esquema?<\/title>\n<meta name=\"description\" content=\"O jogo Spribe Aviator pode ser pirateado? A aplica\u00e7\u00e3o hacker: \u00e9 real? Leia o artigo e encontre as respostas \u00e0s suas perguntas\" \/>\n<meta name=\"robots\" content=\"noindex, follow, max-snippet:-1, max-image-preview:large, max-video-preview:-1\" \/>\n<meta property=\"og:locale\" content=\"pt-BR\" \/>\n<meta property=\"og:type\" content=\"article\" \/>\n<meta property=\"og:title\" content=\"Aviator Hack: O Spribe Phishing \u00e9 um esquema?\" \/>\n<meta property=\"og:description\" content=\"O jogo Spribe Aviator pode ser pirateado? A aplica\u00e7\u00e3o hacker: \u00e9 real? Leia o artigo e encontre as respostas \u00e0s suas perguntas\" \/>\n<meta property=\"og:url\" content=\"https:\/\/avit.testfun.online\/pt\/how-to-hack-aviator\/\" \/>\n<meta property=\"og:site_name\" content=\"Jogo Aviator\" \/>\n<meta property=\"article:modified_time\" content=\"2025-07-16T15:08:54+00:00\" \/>\n<meta name=\"twitter:card\" content=\"summary_large_image\" \/>\n<meta name=\"twitter:label1\" content=\"Tempo estimado de leitura\" \/>\n\t<meta name=\"twitter:data1\" content=\"6 minutos\" \/>\n<!-- \/ Yoast SEO plugin. -->","yoast_head_json":{"title":"Aviator Hack: O Spribe Phishing \u00e9 um esquema?","description":"O jogo Spribe Aviator pode ser pirateado? A aplica\u00e7\u00e3o hacker: \u00e9 real? Leia o artigo e encontre as respostas \u00e0s suas perguntas","robots":{"index":"noindex","follow":"follow","max-snippet":"max-snippet:-1","max-image-preview":"max-image-preview:large","max-video-preview":"max-video-preview:-1"},"og_locale":"pt-BR","og_type":"article","og_title":"Aviator Hack: O Spribe Phishing \u00e9 um esquema?","og_description":"O jogo Spribe Aviator pode ser pirateado? A aplica\u00e7\u00e3o hacker: \u00e9 real? Leia o artigo e encontre as respostas \u00e0s suas perguntas","og_url":"https:\/\/avit.testfun.online\/pt\/how-to-hack-aviator\/","og_site_name":"Jogo Aviator","article_modified_time":"2025-07-16T15:08:54+00:00","twitter_card":"summary_large_image","twitter_misc":{"Tempo estimado de leitura":"6 minutos"},"schema":{"@context":"https:\/\/schema.org","@graph":[{"@type":"WebPage","@id":"https:\/\/avit.testfun.online\/pt\/how-to-hack-aviator\/","url":"https:\/\/avit.testfun.online\/pt\/how-to-hack-aviator\/","name":"Aviator Hack: O Spribe Phishing \u00e9 um esquema?","isPartOf":{"@id":"https:\/\/avit.testfun.online\/pt\/#website"},"primaryImageOfPage":{"@id":"https:\/\/avit.testfun.online\/pt\/how-to-hack-aviator\/#primaryimage"},"image":{"@id":"https:\/\/avit.testfun.online\/pt\/how-to-hack-aviator\/#primaryimage"},"thumbnailUrl":"","datePublished":"2023-03-13T11:29:26+00:00","dateModified":"2025-07-16T15:08:54+00:00","description":"O jogo Spribe Aviator pode ser pirateado? A aplica\u00e7\u00e3o hacker: \u00e9 real? Leia o artigo e encontre as respostas \u00e0s suas perguntas","inLanguage":"en-IN","potentialAction":[{"@type":"ReadAction","target":["https:\/\/avit.testfun.online\/pt\/how-to-hack-aviator\/"]}]},{"@type":"ImageObject","inLanguage":"en-IN","@id":"https:\/\/avit.testfun.online\/pt\/how-to-hack-aviator\/#primaryimage","url":"","contentUrl":""},{"@type":"WebSite","@id":"https:\/\/avit.testfun.online\/pt\/#website","url":"https:\/\/avit.testfun.online\/pt\/","name":"Jogo Aviator","description":"Website about casino game Aviator","potentialAction":[{"@type":"SearchAction","target":{"@type":"EntryPoint","urlTemplate":"https:\/\/avit.testfun.online\/pt\/?s={search_term_string}"},"query-input":{"@type":"PropertyValueSpecification","valueRequired":true,"valueName":"search_term_string"}}],"inLanguage":"en-IN"}]}},"_links":{"self":[{"href":"https:\/\/avit.testfun.online\/pt\/wp-json\/wp\/v2\/pages\/4889","targetHints":{"allow":["GET"]}}],"collection":[{"href":"https:\/\/avit.testfun.online\/pt\/wp-json\/wp\/v2\/pages"}],"about":[{"href":"https:\/\/avit.testfun.online\/pt\/wp-json\/wp\/v2\/types\/page"}],"author":[{"embeddable":true,"href":"https:\/\/avit.testfun.online\/pt\/wp-json\/wp\/v2\/users\/1"}],"replies":[{"embeddable":true,"href":"https:\/\/avit.testfun.online\/pt\/wp-json\/wp\/v2\/comments?post=4889"}],"version-history":[{"count":2,"href":"https:\/\/avit.testfun.online\/pt\/wp-json\/wp\/v2\/pages\/4889\/revisions"}],"predecessor-version":[{"id":8780,"href":"https:\/\/avit.testfun.online\/pt\/wp-json\/wp\/v2\/pages\/4889\/revisions\/8780"}],"wp:featuredmedia":[{"embeddable":true,"href":"https:\/\/avit.testfun.online\/pt\/wp-json\/"}],"wp:attachment":[{"href":"https:\/\/avit.testfun.online\/pt\/wp-json\/wp\/v2\/media?parent=4889"}],"curies":[{"name":"wp","href":"https:\/\/api.w.org\/{rel}","templated":true}]}}