{"id":3499,"date":"2023-04-08T16:56:20","date_gmt":"2023-04-08T16:56:20","guid":{"rendered":"https:\/\/hcikingston.com\/?page_id=3499"},"modified":"2025-07-11T12:12:22","modified_gmt":"2025-07-11T12:12:22","slug":"cookie-policy","status":"publish","type":"page","link":"https:\/\/avit.testfun.online\/pt\/cookie-policy\/","title":{"rendered":"Pol\u00edtica de cookies para AviatorCasinoGames"},"content":{"rendered":"\n<p>Esta \u00e9 a Pol\u00edtica de Cookies da AviatorCasinoGames, que pode ser acessada em https:\/\/avit.testfun.online\/pt\/<\/p>\n\n\n\n<p><strong>O que s\u00e3o cookies<\/strong><\/p>\n\n\n\n<p>Como \u00e9 pr\u00e1tica comum em quase todos os sites profissionais, este site usa cookies, que s\u00e3o pequenos arquivos baixados no seu computador, para melhorar sua experi\u00eancia. Esta p\u00e1gina descreve as informa\u00e7\u00f5es que eles coletam, como as usamos e por que \u00e0s vezes precisamos armazenar esses cookies. Tamb\u00e9m compartilharemos como voc\u00ea pode evitar que esses cookies sejam armazenados; no entanto, isso pode reduzir ou \u201cquebrar\u201d determinados elementos da funcionalidade do site.<\/p>\n\n\n\n<p><strong>Como usamos cookies<\/strong><\/p>\n\n\n\n<p>Usamos cookies por v\u00e1rios motivos detalhados abaixo. Infelizmente, na maioria dos casos, n\u00e3o h\u00e1 op\u00e7\u00f5es padr\u00e3o do setor para desativar os cookies sem desativar completamente a funcionalidade e os recursos que eles acrescentam a este site. \u00c9 recomend\u00e1vel que voc\u00ea deixe todos os cookies ativados se n\u00e3o tiver certeza se precisa deles ou n\u00e3o, caso sejam usados para fornecer um servi\u00e7o que voc\u00ea utiliza.<\/p>\n\n\n\n<p><strong>Desativa\u00e7\u00e3o de cookies<\/strong><\/p>\n\n\n\n<p>Voc\u00ea pode impedir a configura\u00e7\u00e3o de cookies ajustando as configura\u00e7\u00f5es do seu navegador (consulte a Ajuda do navegador para saber como fazer isso). Esteja ciente de que a desativa\u00e7\u00e3o dos cookies afetar\u00e1 a funcionalidade deste e de muitos outros sites que voc\u00ea visita. A desativa\u00e7\u00e3o dos cookies geralmente resultar\u00e1 na desativa\u00e7\u00e3o de determinadas funcionalidades e recursos deste site. Portanto, \u00e9 recomend\u00e1vel que voc\u00ea n\u00e3o desative os cookies. Esta Pol\u00edtica de Cookies foi criada com a ajuda do Gerador de Pol\u00edtica de Cookies.<\/p>\n\n\n\n<p><strong>Os cookies que definimos<\/strong><\/p>\n\n\n\n<p>Cookies de prefer\u00eancias do site<\/p>\n\n\n\n<p>Para que voc\u00ea tenha uma \u00f3tima experi\u00eancia neste site, fornecemos a funcionalidade para definir suas prefer\u00eancias quanto ao funcionamento do site quando voc\u00ea o utiliza. Para lembrar suas prefer\u00eancias, precisamos definir cookies para que essas informa\u00e7\u00f5es possam ser chamadas sempre que voc\u00ea interagir com uma p\u00e1gina afetada por suas prefer\u00eancias.<\/p>\n\n\n\n<p><strong>Cookies de terceiros<\/strong><\/p>\n\n\n\n<p>Em alguns casos especiais, tamb\u00e9m usamos cookies fornecidos por terceiros confi\u00e1veis. A se\u00e7\u00e3o a seguir detalha quais cookies de terceiros podem ser encontrados neste site.<\/p>\n\n\n\n<ul class=\"wp-block-list\">\n<li>Este site usa o Google Analytics, que \u00e9 uma das solu\u00e7\u00f5es de an\u00e1lise mais difundidas e confi\u00e1veis da Web para nos ajudar a entender como voc\u00ea usa o site e como podemos melhorar sua experi\u00eancia. Esses cookies podem rastrear itens como o tempo que voc\u00ea passa no site e as p\u00e1ginas que visita para que possamos continuar a produzir conte\u00fado interessante. Para obter mais informa\u00e7\u00f5es sobre os cookies do Google Analytics, consulte a p\u00e1gina oficial do Google Analytics.<\/li>\n\n\n\n<li>A an\u00e1lise de terceiros \u00e9 usada para rastrear e medir o uso deste site para que possamos continuar a produzir conte\u00fado atraente. Esses cookies podem rastrear itens como o tempo que voc\u00ea passa no site ou as p\u00e1ginas que visita, o que nos ajuda a entender como podemos melhorar o site para voc\u00ea.<\/li>\n\n\n\n<li>De tempos em tempos, testamos novos recursos e fazemos altera\u00e7\u00f5es sutis na forma como o site \u00e9 entregue. Quando ainda estamos testando novos recursos, esses cookies podem ser usados para garantir que voc\u00ea tenha uma experi\u00eancia consistente enquanto estiver no site e, ao mesmo tempo, para que possamos entender quais otimiza\u00e7\u00f5es s\u00e3o mais apreciadas pelos nossos usu\u00e1rios.<\/li>\n\n\n\n<li>Como vendemos produtos, \u00e9 importante para n\u00f3s entender as estat\u00edsticas sobre quantos visitantes do nosso site realmente fazem uma compra e, portanto, esse \u00e9 o tipo de dados que esses cookies rastrear\u00e3o. Isso \u00e9 importante para voc\u00ea, pois significa que podemos fazer previs\u00f5es comerciais precisas que nos permitem monitorar nossos custos de publicidade e de produtos para garantir o melhor pre\u00e7o poss\u00edvel.<\/li>\n\n\n\n<li>O servi\u00e7o Google AdSense que usamos para veicular publicidade utiliza um cookie DoubleClick para veicular an\u00fancios mais relevantes na Web e limitar o n\u00famero de vezes que um determinado an\u00fancio \u00e9 exibido para voc\u00ea. Para obter mais informa\u00e7\u00f5es sobre o Google AdSense, consulte as Perguntas frequentes oficiais sobre privacidade do Google AdSense.<\/li>\n\n\n\n<li>Usamos an\u00fancios para compensar os custos de funcionamento deste site e fornecer fundos para desenvolvimentos futuros. Os cookies de publicidade comportamental usados por este site s\u00e3o projetados para garantir que lhe forne\u00e7amos os an\u00fancios mais relevantes sempre que poss\u00edvel, rastreando anonimamente seus interesses e apresentando coisas semelhantes que possam ser de seu interesse.<\/li>\n\n\n\n<li>V\u00e1rios parceiros anunciam em nosso nome e os cookies de rastreamento de afiliados simplesmente nos permitem ver se nossos clientes chegaram ao site por meio de um dos sites de nossos parceiros, para que possamos credit\u00e1-los adequadamente e, quando aplic\u00e1vel, permitir que nossos parceiros afiliados forne\u00e7am qualquer b\u00f4nus que possam lhe oferecer por fazer uma compra.<\/li>\n\n\n\n<li>Tamb\u00e9m usamos bot\u00f5es e\/ou plugins de m\u00eddia social neste site que permitem que voc\u00ea se conecte \u00e0 sua rede social de v\u00e1rias maneiras. Para que eles funcionem, os seguintes sites de m\u00eddia social, incluindo: (Liste as redes sociais cujos recursos voc\u00ea integrou ao seu site?:12), definir\u00e3o cookies por meio de nosso site que podem ser usados para aprimorar seu perfil no site deles ou contribuir para os dados que eles mant\u00eam para v\u00e1rias finalidades descritas em suas respectivas pol\u00edticas de privacidade.<\/li>\n<\/ul>\n\n\n\n<p><strong>Mais informa\u00e7\u00f5es<\/strong><\/p>\n\n\n\n<p>Esperamos que isso tenha esclarecido as coisas para voc\u00ea e, como mencionado anteriormente, se houver algo que voc\u00ea n\u00e3o tenha certeza se precisa ou n\u00e3o, geralmente \u00e9 mais seguro deixar os cookies ativados, caso eles interajam com um dos recursos que voc\u00ea usa em nosso site.<\/p>\n\n\n\n<p>Para obter mais informa\u00e7\u00f5es gerais sobre cookies, leia o artigo Pol\u00edtica de Cookies.<\/p>\n\n\n\n<p>No entanto, se ainda quiser obter mais informa\u00e7\u00f5es, entre em contato conosco por meio de um dos nossos m\u00e9todos de contato preferidos:<\/p>\n\n\n\n<ul class=\"wp-block-list\">\n<li>E-mail: info@avit.testfun.online\/pt<\/li>\n<\/ul>\n","protected":false},"excerpt":{"rendered":"<p>Esta \u00e9 a Pol\u00edtica de Cookies da AviatorCasinoGames, que pode ser acessada em https:\/\/avit.testfun.online\/pt\/ O que s\u00e3o cookies Como \u00e9 &#8230;<\/p>\n","protected":false},"author":1,"featured_media":6356,"parent":0,"menu_order":0,"comment_status":"closed","ping_status":"closed","template":"","meta":{"_acf_changed":false,"inline_featured_image":false,"footnotes":""},"class_list":["post-3499","page","type-page","status-publish","has-post-thumbnail","hentry"],"acf":[],"yoast_head":"<!-- This site is optimized with the Yoast SEO plugin v25.5 - https:\/\/yoast.com\/wordpress\/plugins\/seo\/ -->\n<title>Pol\u00edtica de cookies - AviatorCasinoGames<\/title>\n<meta name=\"description\" content=\"Os cookies s\u00e3o usados neste site. Os cookies s\u00e3o usados para personalizar o conte\u00fado e os an\u00fancios, para fornecer recursos de m\u00eddia social e para analisar o tr\u00e1fego\" \/>\n<meta name=\"robots\" content=\"noindex, follow, max-snippet:-1, max-image-preview:large, max-video-preview:-1\" \/>\n<meta property=\"og:locale\" content=\"pt-BR\" \/>\n<meta property=\"og:type\" content=\"article\" \/>\n<meta property=\"og:title\" content=\"Pol\u00edtica de cookies - AviatorCasinoGames\" \/>\n<meta property=\"og:description\" content=\"Os cookies s\u00e3o usados neste site. Os cookies s\u00e3o usados para personalizar o conte\u00fado e os an\u00fancios, para fornecer recursos de m\u00eddia social e para analisar o tr\u00e1fego\" \/>\n<meta property=\"og:url\" content=\"https:\/\/avit.testfun.online\/pt\/cookie-policy\/\" \/>\n<meta property=\"og:site_name\" content=\"Jogo Aviator\" \/>\n<meta property=\"article:modified_time\" content=\"2025-07-11T12:12:22+00:00\" \/>\n<meta property=\"og:image\" content=\"https:\/\/avit.testfun.online\/pt\/wp-content\/uploads\/sites\/2\/2024\/01\/cookie-policy.webp\" \/>\n\t<meta property=\"og:image:width\" content=\"300\" \/>\n\t<meta property=\"og:image:height\" content=\"300\" \/>\n\t<meta property=\"og:image:type\" content=\"image\/webp\" \/>\n<meta name=\"twitter:card\" content=\"summary_large_image\" \/>\n<meta name=\"twitter:label1\" content=\"Tempo estimado de leitura\" \/>\n\t<meta name=\"twitter:data1\" content=\"6 minutos\" \/>\n<!-- \/ Yoast SEO plugin. -->","yoast_head_json":{"title":"Pol\u00edtica de cookies - AviatorCasinoGames","description":"Os cookies s\u00e3o usados neste site. Os cookies s\u00e3o usados para personalizar o conte\u00fado e os an\u00fancios, para fornecer recursos de m\u00eddia social e para analisar o tr\u00e1fego","robots":{"index":"noindex","follow":"follow","max-snippet":"max-snippet:-1","max-image-preview":"max-image-preview:large","max-video-preview":"max-video-preview:-1"},"og_locale":"pt-BR","og_type":"article","og_title":"Pol\u00edtica de cookies - AviatorCasinoGames","og_description":"Os cookies s\u00e3o usados neste site. Os cookies s\u00e3o usados para personalizar o conte\u00fado e os an\u00fancios, para fornecer recursos de m\u00eddia social e para analisar o tr\u00e1fego","og_url":"https:\/\/avit.testfun.online\/pt\/cookie-policy\/","og_site_name":"Jogo Aviator","article_modified_time":"2025-07-11T12:12:22+00:00","og_image":[{"width":300,"height":300,"url":"https:\/\/avit.testfun.online\/pt\/wp-content\/uploads\/sites\/2\/2024\/01\/cookie-policy.webp","type":"image\/webp"}],"twitter_card":"summary_large_image","twitter_misc":{"Tempo estimado de leitura":"6 minutos"},"schema":{"@context":"https:\/\/schema.org","@graph":[{"@type":"WebPage","@id":"https:\/\/avit.testfun.online\/pt\/cookie-policy\/","url":"https:\/\/avit.testfun.online\/pt\/cookie-policy\/","name":"Pol\u00edtica de cookies - AviatorCasinoGames","isPartOf":{"@id":"https:\/\/avit.testfun.online\/pt\/#website"},"primaryImageOfPage":{"@id":"https:\/\/avit.testfun.online\/pt\/cookie-policy\/#primaryimage"},"image":{"@id":"https:\/\/avit.testfun.online\/pt\/cookie-policy\/#primaryimage"},"thumbnailUrl":"https:\/\/avit.testfun.online\/pt\/wp-content\/uploads\/sites\/2\/2024\/01\/cookie-policy.webp","datePublished":"2023-04-08T16:56:20+00:00","dateModified":"2025-07-11T12:12:22+00:00","description":"Os cookies s\u00e3o usados neste site. Os cookies s\u00e3o usados para personalizar o conte\u00fado e os an\u00fancios, para fornecer recursos de m\u00eddia social e para analisar o tr\u00e1fego","inLanguage":"en-IN","potentialAction":[{"@type":"ReadAction","target":["https:\/\/avit.testfun.online\/pt\/cookie-policy\/"]}]},{"@type":"ImageObject","inLanguage":"en-IN","@id":"https:\/\/avit.testfun.online\/pt\/cookie-policy\/#primaryimage","url":"https:\/\/avit.testfun.online\/pt\/wp-content\/uploads\/sites\/2\/2024\/01\/cookie-policy.webp","contentUrl":"https:\/\/avit.testfun.online\/pt\/wp-content\/uploads\/sites\/2\/2024\/01\/cookie-policy.webp","width":300,"height":300,"caption":"Cookie policy logo"},{"@type":"WebSite","@id":"https:\/\/avit.testfun.online\/pt\/#website","url":"https:\/\/avit.testfun.online\/pt\/","name":"Jogo Aviator","description":"Website about casino game Aviator","potentialAction":[{"@type":"SearchAction","target":{"@type":"EntryPoint","urlTemplate":"https:\/\/avit.testfun.online\/pt\/?s={search_term_string}"},"query-input":{"@type":"PropertyValueSpecification","valueRequired":true,"valueName":"search_term_string"}}],"inLanguage":"en-IN"}]}},"_links":{"self":[{"href":"https:\/\/avit.testfun.online\/pt\/wp-json\/wp\/v2\/pages\/3499","targetHints":{"allow":["GET"]}}],"collection":[{"href":"https:\/\/avit.testfun.online\/pt\/wp-json\/wp\/v2\/pages"}],"about":[{"href":"https:\/\/avit.testfun.online\/pt\/wp-json\/wp\/v2\/types\/page"}],"author":[{"embeddable":true,"href":"https:\/\/avit.testfun.online\/pt\/wp-json\/wp\/v2\/users\/1"}],"replies":[{"embeddable":true,"href":"https:\/\/avit.testfun.online\/pt\/wp-json\/wp\/v2\/comments?post=3499"}],"version-history":[{"count":1,"href":"https:\/\/avit.testfun.online\/pt\/wp-json\/wp\/v2\/pages\/3499\/revisions"}],"predecessor-version":[{"id":8785,"href":"https:\/\/avit.testfun.online\/pt\/wp-json\/wp\/v2\/pages\/3499\/revisions\/8785"}],"wp:featuredmedia":[{"embeddable":true,"href":"https:\/\/avit.testfun.online\/pt\/wp-json\/wp\/v2\/media\/6356"}],"wp:attachment":[{"href":"https:\/\/avit.testfun.online\/pt\/wp-json\/wp\/v2\/media?parent=3499"}],"curies":[{"name":"wp","href":"https:\/\/api.w.org\/{rel}","templated":true}]}}