{"id":2989,"date":"2023-03-29T15:39:56","date_gmt":"2023-03-29T15:39:56","guid":{"rendered":"https:\/\/hcikingston.com\/?page_id=2989"},"modified":"2025-07-11T12:10:34","modified_gmt":"2025-07-11T12:10:34","slug":"responsible-gambling","status":"publish","type":"page","link":"https:\/\/avit.testfun.online\/pt\/responsible-gambling\/","title":{"rendered":"Jogo respons\u00e1vel: Como se proteger do v\u00edcio"},"content":{"rendered":"\r\n            <div class='contains-btn js-containsBtn mobile text-center'> Tabela de conte\u00fado  <i class='far fa-arrow-alt-circle-up'><\/i><\/div>\r\n            <div id='contains' class='flex-wrap js-contains'>\r\n            <ul>\r\n        <li><a href=\"#Jogadores-com-problemas\">Jogadores com problemas<\/a><\/li><li><a href=\"#Os-principais-sinais\">Os principais sinais<\/a><\/li><li><a href=\"#A\u00e7\u00f5es-de-jogadores-problem\u00e1ticos\">A\u00e7\u00f5es de jogadores problem\u00e1ticos<\/a><\/li><li><a href=\"#As-consequ\u00eancias-negativas\">As consequ\u00eancias negativas<\/a><\/li><\/ul>              \r\n            <\/div>            \r\n            <div class='containsMore text-center desktop'>\r\n                <i class='far fa-arrow-alt-circle-up js-containsMore up'><\/i>\r\n            <\/div>  \n\n\n\n<p>O jogo \u00e9 um hobby fascinante que pode alegrar seu dia e encher seus bolsos de dinheiro. Voc\u00ea pode jogar diretamente de sua casa e se comunicar com pessoas de todo o mundo que pensam da mesma forma. No entanto, h\u00e1 uma armadilha que voc\u00ea deve conhecer.<\/p>\n\n\n\n<p>Alguns jogadores apaixonados podem se tornar viciados em jogos de azar. Um impulso destrutivo para gastar dinheiro \u00e9 classificado como um problema psicol\u00f3gico que pode acabar com a vida de uma pessoa e de todas as pessoas que a cercam. Entre os sintomas mais comuns, podemos mencionar a perda de autocontrole, a incapacidade de planejar um or\u00e7amento e o comportamento explosivo e imprevis\u00edvel.<\/p>\n\n\n\n<p>Embora o jogo compulsivo seja um problema grave, voc\u00ea pode evit\u00e1-lo facilmente se souber como agir corretamente. Leia este artigo para descobrir tudo o que vale a pena saber sobre o problema do jogo e encontrar uma maneira de se proteger desse problema psicossom\u00e1tico.<\/p>\n\n\n\n<h2 data-anchor=\"Jogadores-com-problemas\" id=\"Jogadores-com-problemas\">O que s\u00e3o jogadores problem\u00e1ticos?<\/h2>\n\n\n\n<p>O transtorno do jogo \u00e9 um problema mental urgente que pode afetar qualquer pessoa que corra riscos, independentemente de seu status social ou de sua capacidade de recupera\u00e7\u00e3o. De acordo com pesquisas cient\u00edficas, os jogos com dinheiro real estimulam centros de recompensa no c\u00e9rebro semelhantes aos ativados pelo abuso de drogas.<\/p>\n\n\n\n<p>Por serem viciados em jogos de azar, os apostadores n\u00e3o conseguem controlar seu forte desejo de gastar dinheiro e, muitas vezes, acabam sentados em uma pilha de d\u00edvidas. Portanto, eles est\u00e3o prontos para arriscar tudo o que valem para girar algumas bobinas, ignorando firmemente todas as consequ\u00eancias negativas.<\/p>\n\n\n\n<p>Nos est\u00e1gios iniciais, \u00e9 dif\u00edcil diagnosticar um v\u00edcio compulsivo em jogos de azar, o que torna o tratamento complicado. Entretanto, na maioria das situa\u00e7\u00f5es, os jogadores viciados precisam de cuidados psicol\u00f3gicos abrangentes.<\/p>\n\n\n\n<h2 data-anchor=\"Os-principais-sinais\" id=\"Os-principais-sinais\">Os principais sinais de jogadores problem\u00e1ticos<\/h2>\n\n\n\n<p>Para reduzir um pouco a tens\u00e3o, devemos dizer que o jogo n\u00e3o \u00e9 t\u00e3o assustador quanto voc\u00ea pensa. Milh\u00f5es de pessoas no mundo encontram conforto em jogos com dinheiro real e consideram orgulhosamente o jogo como seu principal hobby.<\/p>\n\n\n\n<p>Antes de fazer apostas com dinheiro real, planeje cuidadosamente seu or\u00e7amento e estabele\u00e7a um limite rigoroso de tempo que pode passar diariamente nos cassinos on-line. Assim, seguindo as regras estabelecidas, voc\u00ea n\u00e3o ficar\u00e1 vulner\u00e1vel \u00e0 ludomania.<\/p>\n\n\n\n<p>Agora, discutiremos os principais sintomas que podem indicar que os usu\u00e1rios est\u00e3o sofrendo com o v\u00edcio em jogos de azar. Caso perceba que est\u00e1 sofrendo com os sinais mencionados abaixo, n\u00e3o deixe de entrar em contato com um terapeuta:<\/p>\n\n\n\n<ul class=\"wp-block-list\">\n<li>Voc\u00ea continua a jogar mesmo quando est\u00e1 sem dinheiro.<\/li>\n\n\n\n<li>Voc\u00ea se sente compelido a continuar apostando at\u00e9 gastar seu \u00faltimo centavo.<\/li>\n\n\n\n<li>N\u00e3o consegue encontrar for\u00e7as para se concentrar em sua carreira ou rotina familiar porque est\u00e1 sempre pensando em jogos de azar.<\/li>\n\n\n\n<li>Voc\u00ea n\u00e3o est\u00e1 interessado em nada al\u00e9m do jogo.<\/li>\n\n\n\n<li>Est\u00e1 tentando esconder seu hobby nocivo dos membros da fam\u00edlia e evita compartilhar em que gastou seu dinheiro.<\/li>\n\n\n\n<li>Est\u00e1 vendendo seus bens para conseguir dinheiro e visitar um cassino on-line.<\/li>\n\n\n\n<li>Voc\u00ea costuma pedir dinheiro emprestado a outras pessoas e n\u00e3o o paga de volta.<\/li>\n\n\n\n<li>Voc\u00ea est\u00e1 sempre se sentindo nervoso e ansioso.<\/li>\n\n\n\n<li>Sem jogos de azar, voc\u00ea se sente entediado e ap\u00e1tico.<\/li>\n\n\n\n<li>Voc\u00ea se sente culpado por seu comportamento, mas pode parar de jogar.<\/li>\n\n\n\n<li>Voc\u00ea nega que seja viciado em jogos de azar e acha que os membros da sua fam\u00edlia exageram muito o problema.<\/li>\n<\/ul>\n\n\n\n<h2 data-anchor=\"A\u00e7\u00f5es-de-jogadores-problem\u00e1ticos\" id=\"A\u00e7\u00f5es-de-jogadores-problem\u00e1ticos\">O que os jogadores problem\u00e1ticos podem fazer?<\/h2>\n\n\n\n<p>N\u00e3o entre em p\u00e2nico quando sentir que est\u00e1 sofrendo com o v\u00edcio em jogos de azar. Em vez disso, ao reconhecer o desafio que est\u00e1 enfrentando, voc\u00ea tem a oportunidade de se preparar para a batalha e fazer todos os esfor\u00e7os para resolver a situa\u00e7\u00e3o.<\/p>\n\n\n\n<p>Estatisticamente, os jogadores de risco que tentam seu destino nos cassinos on-line t\u00eam muito mais chances de superar sua vulnerabilidade do que os apostadores de estabelecimentos f\u00edsicos. Diferentemente das institui\u00e7\u00f5es f\u00edsicas, as casas de apostas on-line est\u00e3o se esfor\u00e7ando ao m\u00e1ximo para fornecer aos clientes todas as informa\u00e7\u00f5es necess\u00e1rias sobre a ludomania e maneiras eficientes de superar esse problema, sem falar nas organiza\u00e7\u00f5es sociais que oferecem apoio psicol\u00f3gico gratuito.<\/p>\n\n\n\n<p>A seguir, compartilharemos algumas sugest\u00f5es que podem ajud\u00e1-lo a lidar com seu v\u00edcio. Todos os m\u00e9todos apresentados acima e abaixo s\u00e3o aprovados por especialistas cl\u00ednicos autorizados:<\/p>\n\n\n\n<ul class=\"wp-block-list\">\n<li>Monitore seus impulsos de jogo. Reserve um tempo para estabelecer limita\u00e7\u00f5es severas em suas sess\u00f5es de jogo. Por exemplo, n\u00e3o se permita jogar mais de uma vez por semana. Al\u00e9m disso, recomendamos que voc\u00ea estabele\u00e7a um limite para o valor mensal que pode gastar. Por exemplo, n\u00e3o mais do que US$ 100.<\/li>\n\n\n\n<li>Reduza seus limites de jogo. Se voc\u00ea est\u00e1 acostumado a gastar grandes somas em seu hobby, tente reduzir seu or\u00e7amento pela metade. Por exemplo, voc\u00ea est\u00e1 gastando cerca de US$ 500 por semana. Fa\u00e7a o poss\u00edvel para reduzir esse valor para US$ 250 por semana.<\/li>\n\n\n\n<li>Entre em contato com o servi\u00e7o de suporte e solicite o congelamento de sua conta por um per\u00edodo de tempo n\u00e3o especificado. Se voc\u00ea achar que as sugest\u00f5es que indicamos acima n\u00e3o funcionam, passe para o radicalismo. Entre em contato com a equipe de suporte e descreva sua situa\u00e7\u00e3o em detalhes, solicitando que fechem sua conta por um per\u00edodo indefinido. Quando melhorar, voc\u00ea poder\u00e1 recuperar o acesso ao seu perfil de usu\u00e1rio.<\/li>\n<\/ul>\n\n\n\n<h2 data-anchor=\"As-consequ\u00eancias-negativas\" id=\"As-consequ\u00eancias-negativas\">As consequ\u00eancias negativas dos jogos de azar<\/h2>\n\n\n\n<p>\u00c9 extremamente importante manter sua sa\u00fade mental sob controle. Infelizmente, os jogadores totalmente informados sobre a ludomania sofrem desse problema com menos frequ\u00eancia do que aqueles que n\u00e3o est\u00e3o familiarizados com esse problema. Para que voc\u00ea perceba a gravidade da situa\u00e7\u00e3o, destacaremos as consequ\u00eancias negativas enfrentadas pelos jogadores que n\u00e3o conseguem controlar seus impulsos:<\/p>\n\n\n\n<ol class=\"wp-block-list\">\n<li>Problemas financeiros. Os desafios econ\u00f4micos enfrentados por jogadores viciados incluem turbul\u00eancia econ\u00f4mica, redu\u00e7\u00e3o da renda, demiss\u00e3o, aumento de d\u00edvidas e at\u00e9 mesmo poss\u00edvel fal\u00eancia. Os que assumem riscos compulsivos est\u00e3o constantemente endividados.<\/li>\n\n\n\n<li>Fam\u00edlia e relacionamentos. \u00c9 totalmente imposs\u00edvel construir relacionamentos fortes e saud\u00e1veis com jogadores viciados. Pessoas com transtornos mentais relacionados a diferentes obsess\u00f5es n\u00e3o conseguem mais levar uma vida normal e manter uma rotina di\u00e1ria.<\/li>\n\n\n\n<li>Trabalho e carreira. Nos est\u00e1gios mais graves do v\u00edcio em jogos de azar, os jogadores n\u00e3o est\u00e3o mais interessados no desenvolvimento e na estabilidade da carreira. Os viciados come\u00e7am a desperdi\u00e7ar seus \u00faltimos centavos e a procurar maneiras simples de enriquecer.<\/li>\n<\/ol>\n","protected":false},"excerpt":{"rendered":"<p>O jogo \u00e9 um hobby fascinante que pode alegrar seu dia e encher seus bolsos de dinheiro. Voc\u00ea pode jogar &#8230;<\/p>\n","protected":false},"author":1,"featured_media":6383,"parent":0,"menu_order":0,"comment_status":"closed","ping_status":"closed","template":"","meta":{"_acf_changed":false,"inline_featured_image":false,"footnotes":""},"class_list":["post-2989","page","type-page","status-publish","has-post-thumbnail","hentry"],"acf":[],"yoast_head":"<!-- This site is optimized with the Yoast SEO plugin v25.5 - https:\/\/yoast.com\/wordpress\/plugins\/seo\/ -->\n<title>Jogo respons\u00e1vel: Como se proteger do v\u00edcio<\/title>\n<meta name=\"description\" content=\"Leia este par\u00e1grafo para saber mais sobre o site Aviatorcasino.games e o v\u00edcio em jogos de azar. Descubra o que torna a ludomania t\u00e3o perigosa e saiba como se proteger do jogo compulsivo\" \/>\n<meta name=\"robots\" content=\"noindex, follow, max-snippet:-1, max-image-preview:large, max-video-preview:-1\" \/>\n<meta property=\"og:locale\" content=\"pt-BR\" \/>\n<meta property=\"og:type\" content=\"article\" \/>\n<meta property=\"og:title\" content=\"Jogo respons\u00e1vel: Como se proteger do v\u00edcio\" \/>\n<meta property=\"og:description\" content=\"Leia este par\u00e1grafo para saber mais sobre o site Aviatorcasino.games e o v\u00edcio em jogos de azar. Descubra o que torna a ludomania t\u00e3o perigosa e saiba como se proteger do jogo compulsivo\" \/>\n<meta property=\"og:url\" content=\"https:\/\/avit.testfun.online\/pt\/responsible-gambling\/\" \/>\n<meta property=\"og:site_name\" content=\"Jogo Aviator\" \/>\n<meta property=\"article:modified_time\" content=\"2025-07-11T12:10:34+00:00\" \/>\n<meta property=\"og:image\" content=\"https:\/\/avit.testfun.online\/pt\/wp-content\/uploads\/sites\/2\/2024\/01\/logo-responsible.webp\" \/>\n\t<meta property=\"og:image:width\" content=\"300\" \/>\n\t<meta property=\"og:image:height\" content=\"300\" \/>\n\t<meta property=\"og:image:type\" content=\"image\/webp\" \/>\n<meta name=\"twitter:card\" content=\"summary_large_image\" \/>\n<meta name=\"twitter:label1\" content=\"Tempo estimado de leitura\" \/>\n\t<meta name=\"twitter:data1\" content=\"6 minutos\" \/>\n<!-- \/ Yoast SEO plugin. -->","yoast_head_json":{"title":"Jogo respons\u00e1vel: Como se proteger do v\u00edcio","description":"Leia este par\u00e1grafo para saber mais sobre o site Aviatorcasino.games e o v\u00edcio em jogos de azar. Descubra o que torna a ludomania t\u00e3o perigosa e saiba como se proteger do jogo compulsivo","robots":{"index":"noindex","follow":"follow","max-snippet":"max-snippet:-1","max-image-preview":"max-image-preview:large","max-video-preview":"max-video-preview:-1"},"og_locale":"pt-BR","og_type":"article","og_title":"Jogo respons\u00e1vel: Como se proteger do v\u00edcio","og_description":"Leia este par\u00e1grafo para saber mais sobre o site Aviatorcasino.games e o v\u00edcio em jogos de azar. Descubra o que torna a ludomania t\u00e3o perigosa e saiba como se proteger do jogo compulsivo","og_url":"https:\/\/avit.testfun.online\/pt\/responsible-gambling\/","og_site_name":"Jogo Aviator","article_modified_time":"2025-07-11T12:10:34+00:00","og_image":[{"width":300,"height":300,"url":"https:\/\/avit.testfun.online\/pt\/wp-content\/uploads\/sites\/2\/2024\/01\/logo-responsible.webp","type":"image\/webp"}],"twitter_card":"summary_large_image","twitter_misc":{"Tempo estimado de leitura":"6 minutos"},"schema":{"@context":"https:\/\/schema.org","@graph":[{"@type":"WebPage","@id":"https:\/\/avit.testfun.online\/pt\/responsible-gambling\/","url":"https:\/\/avit.testfun.online\/pt\/responsible-gambling\/","name":"Jogo respons\u00e1vel: Como se proteger do v\u00edcio","isPartOf":{"@id":"https:\/\/avit.testfun.online\/pt\/#website"},"primaryImageOfPage":{"@id":"https:\/\/avit.testfun.online\/pt\/responsible-gambling\/#primaryimage"},"image":{"@id":"https:\/\/avit.testfun.online\/pt\/responsible-gambling\/#primaryimage"},"thumbnailUrl":"https:\/\/avit.testfun.online\/pt\/wp-content\/uploads\/sites\/2\/2024\/01\/logo-responsible.webp","datePublished":"2023-03-29T15:39:56+00:00","dateModified":"2025-07-11T12:10:34+00:00","description":"Leia este par\u00e1grafo para saber mais sobre o site Aviatorcasino.games e o v\u00edcio em jogos de azar. Descubra o que torna a ludomania t\u00e3o perigosa e saiba como se proteger do jogo compulsivo","inLanguage":"en-IN","potentialAction":[{"@type":"ReadAction","target":["https:\/\/avit.testfun.online\/pt\/responsible-gambling\/"]}]},{"@type":"ImageObject","inLanguage":"en-IN","@id":"https:\/\/avit.testfun.online\/pt\/responsible-gambling\/#primaryimage","url":"https:\/\/avit.testfun.online\/pt\/wp-content\/uploads\/sites\/2\/2024\/01\/logo-responsible.webp","contentUrl":"https:\/\/avit.testfun.online\/pt\/wp-content\/uploads\/sites\/2\/2024\/01\/logo-responsible.webp","width":300,"height":300,"caption":"Responsible playing"},{"@type":"WebSite","@id":"https:\/\/avit.testfun.online\/pt\/#website","url":"https:\/\/avit.testfun.online\/pt\/","name":"Jogo Aviator","description":"Website about casino game Aviator","potentialAction":[{"@type":"SearchAction","target":{"@type":"EntryPoint","urlTemplate":"https:\/\/avit.testfun.online\/pt\/?s={search_term_string}"},"query-input":{"@type":"PropertyValueSpecification","valueRequired":true,"valueName":"search_term_string"}}],"inLanguage":"en-IN"}]}},"_links":{"self":[{"href":"https:\/\/avit.testfun.online\/pt\/wp-json\/wp\/v2\/pages\/2989","targetHints":{"allow":["GET"]}}],"collection":[{"href":"https:\/\/avit.testfun.online\/pt\/wp-json\/wp\/v2\/pages"}],"about":[{"href":"https:\/\/avit.testfun.online\/pt\/wp-json\/wp\/v2\/types\/page"}],"author":[{"embeddable":true,"href":"https:\/\/avit.testfun.online\/pt\/wp-json\/wp\/v2\/users\/1"}],"replies":[{"embeddable":true,"href":"https:\/\/avit.testfun.online\/pt\/wp-json\/wp\/v2\/comments?post=2989"}],"version-history":[{"count":1,"href":"https:\/\/avit.testfun.online\/pt\/wp-json\/wp\/v2\/pages\/2989\/revisions"}],"predecessor-version":[{"id":8783,"href":"https:\/\/avit.testfun.online\/pt\/wp-json\/wp\/v2\/pages\/2989\/revisions\/8783"}],"wp:featuredmedia":[{"embeddable":true,"href":"https:\/\/avit.testfun.online\/pt\/wp-json\/wp\/v2\/media\/6383"}],"wp:attachment":[{"href":"https:\/\/avit.testfun.online\/pt\/wp-json\/wp\/v2\/media?parent=2989"}],"curies":[{"name":"wp","href":"https:\/\/api.w.org\/{rel}","templated":true}]}}